{"id":2272,"date":"2025-09-06T22:51:12","date_gmt":"2025-09-06T22:51:12","guid":{"rendered":"https:\/\/illustrationstudio.art\/?page_id=2272"},"modified":"2025-12-06T11:40:26","modified_gmt":"2025-12-06T11:40:26","slug":"a-propos","status":"publish","type":"page","link":"https:\/\/illustrationstudio.art\/es\/a-propos\/","title":{"rendered":"\u00c0 propos"},"content":{"rendered":"<div data-elementor-type=\"wp-page\" data-elementor-id=\"2272\" class=\"elementor elementor-2272\" data-elementor-post-type=\"page\">\n\t\t\t\t<div class=\"elementor-element elementor-element-03475d8 e-con-full e-flex e-con e-parent\" data-id=\"03475d8\" data-element_type=\"container\">\n\t\t\t\t<div class=\"elementor-element elementor-element-e34449a elementor-widget__width-initial elementor-widget-mobile__width-inherit elementor-widget elementor-widget-image\" data-id=\"e34449a\" data-element_type=\"widget\" data-widget_type=\"image.default\">\n\t\t\t\t\t\t\t\t\t\t\t\t\t\t\t<img fetchpriority=\"high\" decoding=\"async\" width=\"1200\" height=\"627\" src=\"https:\/\/illustrationstudio.art\/wp-content\/uploads\/2025\/09\/pexels-photo-609771-609771.jpg\" class=\"attachment-full size-full wp-image-2293\" alt=\"Circle of sneakers on cobblestone pavement representing diversity and urban fashion.\" srcset=\"https:\/\/illustrationstudio.art\/wp-content\/uploads\/2025\/09\/pexels-photo-609771-609771.jpg 1200w, https:\/\/illustrationstudio.art\/wp-content\/uploads\/2025\/09\/pexels-photo-609771-609771-300x157.jpg 300w, https:\/\/illustrationstudio.art\/wp-content\/uploads\/2025\/09\/pexels-photo-609771-609771-1024x535.jpg 1024w, https:\/\/illustrationstudio.art\/wp-content\/uploads\/2025\/09\/pexels-photo-609771-609771-768x401.jpg 768w\" sizes=\"(max-width: 1200px) 100vw, 1200px\" title=\"\u00c0 propos\">\t\t\t\t\t\t\t\t\t\t\t\t\t\t\t<\/div>\n\t\t<div class=\"elementor-element elementor-element-7b81e57 e-con-full e-flex e-con e-child\" data-id=\"7b81e57\" data-element_type=\"container\">\n\t\t\t\t<div class=\"elementor-element elementor-element-808dec4 elementor-widget__width-inherit elementor-widget elementor-widget-heading\" data-id=\"808dec4\" data-element_type=\"widget\" data-widget_type=\"heading.default\">\n\t\t\t\t\t<h1 class=\"elementor-heading-title elementor-size-default\">Qui sommes-nous ?<\/h1>\t\t\t\t<\/div>\n\t\t\t\t<div class=\"elementor-element elementor-element-1d3e1fb elementor-widget__width-inherit elementor-widget elementor-widget-text-editor\" data-id=\"1d3e1fb\" data-element_type=\"widget\" data-widget_type=\"text-editor.default\">\n\t\t\t\t\t\t\t\t\t<p><strong data-start=\"417\" data-end=\"452\">Nous sommes Illustration Studio<\/strong>, une entreprise cr\u00e9ative fond\u00e9e par <strong data-start=\"489\" data-end=\"512\">Mensonley Sylvestre<\/strong>.<br data-start=\"513\" data-end=\"516\" \/>Notre passion est de mettre le design graphique \u00e0 la port\u00e9e de tous, avec des cr\u00e9ations professionnelles, accessibles et inspirantes.<\/p>\t\t\t\t\t\t\t\t<\/div>\n\t\t\t\t<div class=\"elementor-element elementor-element-917430e elementor-widget elementor-widget-heading\" data-id=\"917430e\" data-element_type=\"widget\" data-widget_type=\"heading.default\">\n\t\t\t\t\t<h1 class=\"elementor-heading-title elementor-size-default\">Pourquoi nous existons<\/h1>\t\t\t\t<\/div>\n\t\t\t\t<div class=\"elementor-element elementor-element-55dd9ca elementor-widget elementor-widget-text-editor\" data-id=\"55dd9ca\" data-element_type=\"widget\" data-widget_type=\"text-editor.default\">\n\t\t\t\t\t\t\t\t\t<p data-start=\"461\" data-end=\"707\">Nous croyons que chaque personne, chaque jeune entreprise et chaque entrepreneur m\u00e9rite des cr\u00e9ations de qualit\u00e9. Avec nous, pas besoin de ma\u00eetriser d\u2019outils complexes ni de disposer d\u2019un gros budget.<\/p>\t\t\t\t\t\t\t\t<\/div>\n\t\t\t\t<div class=\"elementor-element elementor-element-0389673 elementor-widget elementor-widget-heading\" data-id=\"0389673\" data-element_type=\"widget\" data-widget_type=\"heading.default\">\n\t\t\t\t\t<h1 class=\"elementor-heading-title elementor-size-default\">Notre vision<\/h1>\t\t\t\t<\/div>\n\t\t\t\t<div class=\"elementor-element elementor-element-dc96348 elementor-widget elementor-widget-text-editor\" data-id=\"dc96348\" data-element_type=\"widget\" data-widget_type=\"text-editor.default\">\n\t\t\t\t\t\t\t\t\t<p>Chez Illustration Studio,\u00a0la cr\u00e9ativit\u00e9 doit \u00eatre <strong data-start=\"1031\" data-end=\"1072\">un<\/strong>\u00a0<strong data-start=\"788\" data-end=\"812\">levier de croissance<\/strong>, et non un luxe inaccessible.<\/p>\t\t\t\t\t\t\t\t<\/div>\n\t\t\t\t<\/div>\n\t\t\t\t<\/div>\n\t\t<div class=\"elementor-element elementor-element-c1a1bae e-con-full e-flex e-con e-parent\" data-id=\"c1a1bae\" data-element_type=\"container\">\n\t\t\t\t<div class=\"elementor-element elementor-element-668369a elementor-widget__width-initial elementor-widget elementor-widget-image\" data-id=\"668369a\" data-element_type=\"widget\" data-widget_type=\"image.default\">\n\t\t\t\t\t\t\t\t\t\t\t\t\t\t\t<img decoding=\"async\" src=\"https:\/\/illustrationstudio.art\/wp-content\/uploads\/2025\/08\/cropped-Mascotte.png\" title=\"\u00c0 propos\" alt=\"mascotte\" loading=\"lazy\">\t\t\t\t\t\t\t\t\t\t\t\t\t\t\t<\/div>\n\t\t\t\t<\/div>\n\t\t<div class=\"elementor-element elementor-element-5905220 e-con-full e-flex e-con e-parent\" data-id=\"5905220\" data-element_type=\"container\" data-settings=\"{&quot;background_background&quot;:&quot;classic&quot;}\">\n\t\t\t\t<div class=\"elementor-element elementor-element-3990d68 elementor-widget elementor-widget-heading\" data-id=\"3990d68\" data-element_type=\"widget\" data-widget_type=\"heading.default\">\n\t\t\t\t\t<h1 class=\"elementor-heading-title elementor-size-default\">Pourquoi nous choisir?<\/h1>\t\t\t\t<\/div>\n\t\t<div class=\"elementor-element elementor-element-dbb8ecf e-con-full e-flex e-con e-child\" data-id=\"dbb8ecf\" data-element_type=\"container\">\n\t\t\t\t<div class=\"elementor-element elementor-element-412b7e8 elementor-view-stacked elementor-shape-circle elementor-position-block-start elementor-mobile-position-block-start elementor-widget elementor-widget-icon-box\" data-id=\"412b7e8\" data-element_type=\"widget\" data-widget_type=\"icon-box.default\">\n\t\t\t\t\t\t\t<div class=\"elementor-icon-box-wrapper\">\n\n\t\t\t\t\t\t<div class=\"elementor-icon-box-icon\">\n\t\t\t\t<span  class=\"elementor-icon\">\n\t\t\t\t<svg aria-hidden=\"true\" class=\"e-font-icon-svg e-far-lightbulb\" viewbox=\"0 0 352 512\" xmlns=\"http:\/\/www.w3.org\/2000\/svg\"><path d=\"M176 80c-52.94 0-96 43.06-96 96 0 8.84 7.16 16 16 16s16-7.16 16-16c0-35.3 28.72-64 64-64 8.84 0 16-7.16 16-16s-7.16-16-16-16zM96.06 459.17c0 3.15.93 6.22 2.68 8.84l24.51 36.84c2.97 4.46 7.97 7.14 13.32 7.14h78.85c5.36 0 10.36-2.68 13.32-7.14l24.51-36.84c1.74-2.62 2.67-5.7 2.68-8.84l.05-43.18H96.02l.04 43.18zM176 0C73.72 0 0 82.97 0 176c0 44.37 16.45 84.85 43.56 115.78 16.64 18.99 42.74 58.8 52.42 92.16v.06h48v-.12c-.01-4.77-.72-9.51-2.15-14.07-5.59-17.81-22.82-64.77-62.17-109.67-20.54-23.43-31.52-53.15-31.61-84.14-.2-73.64 59.67-128 127.95-128 70.58 0 128 57.42 128 128 0 30.97-11.24 60.85-31.65 84.14-39.11 44.61-56.42 91.47-62.1 109.46a47.507 47.507 0 0 0-2.22 14.3v.1h48v-.05c9.68-33.37 35.78-73.18 52.42-92.16C335.55 260.85 352 220.37 352 176 352 78.8 273.2 0 176 0z\"><\/path><\/svg>\t\t\t\t<\/span>\n\t\t\t<\/div>\n\t\t\t\n\t\t\t\t\t\t<div class=\"elementor-icon-box-content\">\n\n\t\t\t\t\t\t\t\t\t<h3 class=\"elementor-icon-box-title\">\n\t\t\t\t\t\t<span  >\n\t\t\t\t\t\t\tCr\u00e9ativit\u00e9\t\t\t\t\t\t<\/span>\n\t\t\t\t\t<\/h3>\n\t\t\t\t\n\t\t\t\t\t\t\t\t\t<p class=\"elementor-icon-box-description\">\n\t\t\t\t\t\tDes solutions cr\u00e9atives qui sortent de l'ordinaire\t\t\t\t\t<\/p>\n\t\t\t\t\n\t\t\t<\/div>\n\t\t\t\n\t\t<\/div>\n\t\t\t\t\t\t<\/div>\n\t\t\t\t<div class=\"elementor-element elementor-element-22cab2c elementor-view-stacked elementor-shape-circle elementor-position-block-start elementor-mobile-position-block-start elementor-widget elementor-widget-icon-box\" data-id=\"22cab2c\" data-element_type=\"widget\" data-widget_type=\"icon-box.default\">\n\t\t\t\t\t\t\t<div class=\"elementor-icon-box-wrapper\">\n\n\t\t\t\t\t\t<div class=\"elementor-icon-box-icon\">\n\t\t\t\t<span  class=\"elementor-icon\">\n\t\t\t\t<svg aria-hidden=\"true\" class=\"e-font-icon-svg e-fas-check\" viewbox=\"0 0 512 512\" xmlns=\"http:\/\/www.w3.org\/2000\/svg\"><path d=\"M173.898 439.404l-166.4-166.4c-9.997-9.997-9.997-26.206 0-36.204l36.203-36.204c9.997-9.998 26.207-9.998 36.204 0L192 312.69 432.095 72.596c9.997-9.997 26.207-9.997 36.204 0l36.203 36.204c9.997 9.997 9.997 26.206 0 36.204l-294.4 294.401c-9.998 9.997-26.207 9.997-36.204-.001z\"><\/path><\/svg>\t\t\t\t<\/span>\n\t\t\t<\/div>\n\t\t\t\n\t\t\t\t\t\t<div class=\"elementor-icon-box-content\">\n\n\t\t\t\t\t\t\t\t\t<h3 class=\"elementor-icon-box-title\">\n\t\t\t\t\t\t<span  >\n\t\t\t\t\t\t\tAccessibilit\u00e9\t\t\t\t\t\t<\/span>\n\t\t\t\t\t<\/h3>\n\t\t\t\t\n\t\t\t\t\t\t\t\t\t<p class=\"elementor-icon-box-description\">\n\t\t\t\t\t\tDes services \u00e0 prix abordable pour tous\t\t\t\t\t<\/p>\n\t\t\t\t\n\t\t\t<\/div>\n\t\t\t\n\t\t<\/div>\n\t\t\t\t\t\t<\/div>\n\t\t\t\t<div class=\"elementor-element elementor-element-6484313 elementor-view-stacked elementor-shape-circle elementor-position-block-start elementor-mobile-position-block-start elementor-widget elementor-widget-icon-box\" data-id=\"6484313\" data-element_type=\"widget\" data-widget_type=\"icon-box.default\">\n\t\t\t\t\t\t\t<div class=\"elementor-icon-box-wrapper\">\n\n\t\t\t\t\t\t<div class=\"elementor-icon-box-icon\">\n\t\t\t\t<span  class=\"elementor-icon\">\n\t\t\t\t<svg aria-hidden=\"true\" class=\"e-font-icon-svg e-fas-clock\" viewbox=\"0 0 512 512\" xmlns=\"http:\/\/www.w3.org\/2000\/svg\"><path d=\"M256,8C119,8,8,119,8,256S119,504,256,504,504,393,504,256,393,8,256,8Zm92.49,313h0l-20,25a16,16,0,0,1-22.49,2.5h0l-67-49.72a40,40,0,0,1-15-31.23V112a16,16,0,0,1,16-16h32a16,16,0,0,1,16,16V256l58,42.5A16,16,0,0,1,348.49,321Z\"><\/path><\/svg>\t\t\t\t<\/span>\n\t\t\t<\/div>\n\t\t\t\n\t\t\t\t\t\t<div class=\"elementor-icon-box-content\">\n\n\t\t\t\t\t\t\t\t\t<h3 class=\"elementor-icon-box-title\">\n\t\t\t\t\t\t<span  >\n\t\t\t\t\t\t\tExp\u00e9rience\t\t\t\t\t\t<\/span>\n\t\t\t\t\t<\/h3>\n\t\t\t\t\n\t\t\t\t\t\t\t\t\t<p class=\"elementor-icon-box-description\">\n\t\t\t\t\t\tDes ann\u00e9es d'exp\u00e9rience dans le domaine du design.\t\t\t\t\t<\/p>\n\t\t\t\t\n\t\t\t<\/div>\n\t\t\t\n\t\t<\/div>\n\t\t\t\t\t\t<\/div>\n\t\t\t\t<\/div>\n\t\t\t\t<div class=\"elementor-element elementor-element-21a8b3e elementor-align-center elementor-widget__width-inherit elementor-mobile-align-center elementor-widget elementor-widget-button\" data-id=\"21a8b3e\" data-element_type=\"widget\" data-widget_type=\"button.default\">\n\t\t\t\t\t\t\t\t\t\t<a class=\"elementor-button elementor-button-link elementor-size-sm\" href=\"#\">\n\t\t\t\t\t\t<span class=\"elementor-button-content-wrapper\">\n\t\t\t\t\t\t\t\t\t<span class=\"elementor-button-text\">D\u00e9couvrez notre catalogue<\/span>\n\t\t\t\t\t<\/span>\n\t\t\t\t\t<\/a>\n\t\t\t\t\t\t\t\t<\/div>\n\t\t\t\t<\/div>\n\t\t\t\t<\/div>","protected":false},"excerpt":{"rendered":"<p>Qui sommes-nous ? Nous sommes Illustration Studio, une entreprise cr\u00e9ative fond\u00e9e par Mensonley Sylvestre.Notre passion est de mettre le design graphique \u00e0 la port\u00e9e de tous, avec des cr\u00e9ations professionnelles, accessibles et inspirantes. Pourquoi nous existons Nous croyons que chaque personne, chaque jeune entreprise et chaque entrepreneur m\u00e9rite des cr\u00e9ations de qualit\u00e9. Avec nous, pas [&hellip;]<\/p>\n","protected":false},"author":1,"featured_media":0,"parent":0,"menu_order":0,"comment_status":"closed","ping_status":"closed","template":"","meta":{"_uag_custom_page_level_css":"","_kadence_starter_templates_imported_post":false,"footnotes":""},"class_list":["post-2272","page","type-page","status-publish","hentry"],"_hostinger_reach_plugin_has_subscription_block":false,"_hostinger_reach_plugin_is_elementor":false,"uagb_featured_image_src":{"full":false,"thumbnail":false,"medium":false,"medium_large":false,"large":false,"1536x1536":false,"2048x2048":false,"trp-custom-language-flag":false},"uagb_author_info":{"display_name":"mensonley.msy@gmail.com","author_link":"https:\/\/illustrationstudio.art\/es\/author\/mensonley-msygmail-com\/"},"uagb_comment_info":0,"uagb_excerpt":"Qui sommes-nous ? Nous sommes Illustration Studio, une entreprise cr\u00e9ative fond\u00e9e par Mensonley Sylvestre.Notre passion est de mettre le design graphique \u00e0 la port\u00e9e de tous, avec des cr\u00e9ations professionnelles, accessibles et inspirantes. Pourquoi nous existons Nous croyons que chaque personne, chaque jeune entreprise et chaque entrepreneur m\u00e9rite des cr\u00e9ations de qualit\u00e9. Avec nous, pas&hellip;","_links":{"self":[{"href":"https:\/\/illustrationstudio.art\/es\/wp-json\/wp\/v2\/pages\/2272","targetHints":{"allow":["GET"]}}],"collection":[{"href":"https:\/\/illustrationstudio.art\/es\/wp-json\/wp\/v2\/pages"}],"about":[{"href":"https:\/\/illustrationstudio.art\/es\/wp-json\/wp\/v2\/types\/page"}],"author":[{"embeddable":true,"href":"https:\/\/illustrationstudio.art\/es\/wp-json\/wp\/v2\/users\/1"}],"replies":[{"embeddable":true,"href":"https:\/\/illustrationstudio.art\/es\/wp-json\/wp\/v2\/comments?post=2272"}],"version-history":[{"count":34,"href":"https:\/\/illustrationstudio.art\/es\/wp-json\/wp\/v2\/pages\/2272\/revisions"}],"predecessor-version":[{"id":2960,"href":"https:\/\/illustrationstudio.art\/es\/wp-json\/wp\/v2\/pages\/2272\/revisions\/2960"}],"wp:attachment":[{"href":"https:\/\/illustrationstudio.art\/es\/wp-json\/wp\/v2\/media?parent=2272"}],"curies":[{"name":"wp","href":"https:\/\/api.w.org\/{rel}","templated":true}]}}