{"id":2773,"date":"2025-11-15T07:48:25","date_gmt":"2025-11-15T07:48:25","guid":{"rendered":"https:\/\/illustrationstudio.art\/?page_id=2773"},"modified":"2025-11-15T07:48:30","modified_gmt":"2025-11-15T07:48:30","slug":"inscription","status":"publish","type":"page","link":"https:\/\/illustrationstudio.art\/es\/inscription\/","title":{"rendered":"Inscription"},"content":{"rendered":"<div data-elementor-type=\"wp-page\" data-elementor-id=\"2773\" class=\"elementor elementor-2773\" data-elementor-post-type=\"page\">\n\t\t\t\t<div class=\"elementor-element elementor-element-930c42a e-flex e-con-boxed e-con e-parent\" data-id=\"930c42a\" data-element_type=\"container\">\n\t\t\t\t\t<div class=\"e-con-inner\">\n\t\t\t\t<div class=\"elementor-element elementor-element-0b9649d elementor-widget__width-inherit elementor-widget elementor-widget-heading\" data-id=\"0b9649d\" data-element_type=\"widget\" data-widget_type=\"heading.default\">\n\t\t\t\t\t<h2 class=\"elementor-heading-title elementor-size-default\">Inscription<\/h2>\t\t\t\t<\/div>\n\t\t\t\t\t<\/div>\n\t\t\t\t<\/div>\n\t\t<div class=\"elementor-element elementor-element-f14559e e-con-full e-flex e-con e-parent\" data-id=\"f14559e\" data-element_type=\"container\">\n\t\t\t\t<div class=\"elementor-element elementor-element-78c4681 elementor-widget elementor-widget-shortcode\" data-id=\"78c4681\" data-element_type=\"widget\" data-widget_type=\"shortcode.default\">\n\t\t\t\t\t\t\t<div class=\"elementor-shortcode\">\n<form id=\"pms_register-form\" class=\"pms-form\" method=\"POST\" action=\"\">\n\n    \n    <input type=\"hidden\" id=\"pmstkn\" name=\"pmstkn\" value=\"e8cb0994a4\" \/><input type=\"hidden\" name=\"_wp_http_referer\" value=\"\/es\/wp-json\/wp\/v2\/pages\/2773\" \/>\n    <ul class=\"pms-form-fields-wrapper\">\n\n        \n        \n        <div class=\"pms-account-section-wrapper\">\n            \n                        <li class=\"pms-field pms-user-login-field\">\n                <label for=\"pms_user_login\">Username *<\/label>\n                <input id=\"pms_user_login\" name=\"user_login\" type=\"text\" value=\"\" \/>\n\n                            <\/li>\n\n                        <li class=\"pms-field pms-user-email-field\">\n                <label for=\"pms_user_email\">E-mail *<\/label>\n                <input id=\"pms_user_email\" name=\"user_email\" type=\"text\" value=\"\" \/>\n\n                            <\/li>\n\n                        <li class=\"pms-field pms-first-name-field\">\n                <label for=\"pms_first_name\">First Name<\/label>\n                <input id=\"pms_first_name\" name=\"first_name\" type=\"text\" value=\"\" \/>\n\n                            <\/li>\n\n                        <li class=\"pms-field pms-last-name-field\">\n                <label for=\"pms_last_name\">Last Name<\/label>\n                <input id=\"pms_last_name\" name=\"last_name\" type=\"text\" value=\"\" \/>\n\n                            <\/li>\n\n                        <li class=\"pms-field pms-pass1-field\">\n                <label for=\"pms_pass1\">Password *<\/label>\n                <input id=\"pms_pass1\" name=\"pass1\" type=\"password\" \/>\n\n                \n                            <\/li>\n\n                        <li class=\"pms-field pms-pass2-field\">\n                <label for=\"pms_pass2\">Repeat Password *<\/label>\n                <input id=\"pms_pass2\" name=\"pass2\" type=\"password\" \/>\n\n                            <\/li>\n\n                    <\/div>\n\n        \n        <li class=\"pms-field pms-field-subscriptions\"><div class=\"pms-subscription-plan pms-subscription-plan-2769\"><label><input type=\"radio\" name=\"subscription_plans\" data-price=\"59.99\" data-duration=\"1\" data-fixed_membership=\"\" data-allow_renew=\"\" data-sign_up_fee=\"0\" data-trial=\"0\" data-recurring=\"2\"  value=\"2769\"  checked='checked'data-default-selected=\"true\" \/><span class=\"pms-subscription-plan-name\">Premium exclusif<\/span><span class=\"pms-subscription-plan-price\"><span class=\"pms-divider\"> - <\/span><span class=\"pms-subscription-plan-currency\">&#8364;<\/span><span class=\"pms-subscription-plan-price-value\">59,99<\/span><span class=\"pms-divider pms-duration-divider\"> \/ <\/span><span class=\"pms-subscription-plan-duration\">1 Month<\/span><\/span><span class=\"pms-subscription-plan-trial\"><\/span><span class=\"pms-subscription-plan-sign-up-fee\"><\/span><\/label><div class=\"pms-subscription-plan-description\">Ideal pour se d\u00e9marquer avec des visuels uniques.\r\n\r\nObtenez tous les avantages du plan Premium + 2 mod\u00e8les exclusifs par mois avec 2 corrections apr\u00e8s personnalisation.\r\n<\/div><\/div><div class=\"pms-subscription-plan pms-subscription-plan-2768\"><label><input type=\"radio\" name=\"subscription_plans\" data-price=\"19.99\" data-duration=\"1\" data-fixed_membership=\"\" data-allow_renew=\"\" data-sign_up_fee=\"0\" data-trial=\"0\" data-recurring=\"2\"  value=\"2768\" data-default-checked=\"false\" \/><span class=\"pms-subscription-plan-name\">Premium<\/span><span class=\"pms-subscription-plan-price\"><span class=\"pms-divider\"> - <\/span><span class=\"pms-subscription-plan-currency\">&#8364;<\/span><span class=\"pms-subscription-plan-price-value\">19,99<\/span><span class=\"pms-divider pms-duration-divider\"> \/ <\/span><span class=\"pms-subscription-plan-duration\">1 Month<\/span><\/span><span class=\"pms-subscription-plan-trial\"><\/span><span class=\"pms-subscription-plan-sign-up-fee\"><\/span><\/label><div class=\"pms-subscription-plan-description\">La meilleure option pour un acc\u00e8s complet et flexible.\r\nPersonnalisations illimit\u00e9es.\r\n2 corrections par personnalisation.\r\nCat\u00e9gorie illimit\u00e9es.\r\nT\u00e9l\u00e9chargement en haute r\u00e9solution.\r\nSupport prioritaire.\r\nId\u00e9al pour cr\u00e9er sans limites.<\/div><\/div><div class=\"pms-subscription-plan pms-subscription-plan-2767\"><label><input type=\"radio\" name=\"subscription_plans\" data-price=\"7.99\" data-duration=\"1\" data-fixed_membership=\"\" data-allow_renew=\"\" data-sign_up_fee=\"0\" data-trial=\"0\" data-recurring=\"2\"  value=\"2767\" data-default-checked=\"false\" \/><span class=\"pms-subscription-plan-name\">Basique<\/span><span class=\"pms-subscription-plan-price\"><span class=\"pms-divider\"> - <\/span><span class=\"pms-subscription-plan-currency\">&#8364;<\/span><span class=\"pms-subscription-plan-price-value\">7,99<\/span><span class=\"pms-divider pms-duration-divider\"> \/ <\/span><span class=\"pms-subscription-plan-duration\">1 Month<\/span><\/span><span class=\"pms-subscription-plan-trial\"><\/span><span class=\"pms-subscription-plan-sign-up-fee\"><\/span><\/label><div class=\"pms-subscription-plan-description\">Un plan simple et efficace pour vos besoins essentiels.\r\n3 personnalisations par mois.\r\n1 correction par personnalisation.\r\nCat\u00e9gorie illimit\u00e9es.\r\nT\u00e9l\u00e9chargement en haute r\u00e9solution.\r\nPas de mod\u00e8les exclusifs.\r\nUn bon choix pour vos projets r\u00e9guliers.<\/div><\/div><div class=\"pms-subscription-plan pms-subscription-plan-2762\"><label><input type=\"radio\" name=\"subscription_plans\" data-price=\"0\" data-duration=\"1\" data-fixed_membership=\"\" data-allow_renew=\"\" data-sign_up_fee=\"0\" data-trial=\"0\" data-recurring=\"2\"  value=\"2762\" data-default-checked=\"false\" \/><span class=\"pms-subscription-plan-name\">Gratuit<\/span><span class=\"pms-subscription-plan-price\"><span class=\"pms-divider\"> - <\/span><span class=\"pms-subscription-plan-price-value\">Free<\/span><span class=\"pms-divider pms-duration-divider\"> \/ <\/span><span class=\"pms-subscription-plan-duration\">1 Month<\/span><\/span><span class=\"pms-subscription-plan-trial\"><\/span><span class=\"pms-subscription-plan-sign-up-fee\"><\/span><\/label><div class=\"pms-subscription-plan-description\">Id\u00e9al pour d\u00e9couvrir nos services sans engagement.\r\n1 personnalisation par mois.\r\nT\u00e9l\u00e9chargement en haute r\u00e9solution.\r\nPas de corrections.\r\nLimit\u00e9 aux Flyers, CV ou Certificats.\r\nParfait pour tester avant de s\u2019abonner.<\/div><\/div><div class=\"pms-subscription-plan-auto-renew\"><label><input name=\"pms_recurring\" type=\"checkbox\" value=\"1\"  \/>Automatically renew subscription<\/label><\/div><input type=\"hidden\" name=\"pms_default_recurring\" value=\"1\" \/><\/li>\n    <\/ul>\n\n    <span id=\"pms-submit-button-loading-placeholder-text\" style=\"display: none;\">Processing. Please wait...<\/span><div class=\"pms-paygates-holder\"><div id=\"pms-paygates-wrapper\"><h3>Select a Payment Method<\/h3><div id=\"pms-paygates-inner\"><label><input type=\"radio\" class=\"pms_pay_gate\" name=\"pay_gate\" value=\"manual\" data-sign_up_fee=\"1\" data-trial=\"1\" data-recurring=\"1\"  \/><span class=\"pms-paygate-name\">Manual \/ Offline<\/span><\/label><label><input type=\"radio\" class=\"pms_pay_gate\" name=\"pay_gate\" value=\"paypal_connect\" data-sign_up_fee=\"1\" data-trial=\"1\" data-recurring=\"1\"  data-type=\"extra_fields\" \/><span class=\"pms-paygate-name\">PayPal<\/span><\/label><label><input type=\"radio\" class=\"pms_pay_gate\" name=\"pay_gate\" value=\"stripe_connect\"  checked='checked'data-sign_up_fee=\"1\" data-trial=\"1\" data-recurring=\"1\"  data-type=\"extra_fields\" \/><span class=\"pms-paygate-name\">Credit \/ Debit Card<\/span><\/label><\/div><div id=\"pms-gateways-not-available\"><span>No payment methods are available for the selected subscription plan.<\/span><\/div><\/div><ul id=\"pms-stripe-connect\" class=\"pms-field-section pms-paygate-extra-fields pms-paygate-extra-fields-stripe_connect\"><li class=\"pms-field pms-field-type-heading\"><h3>Payment Details<\/h3><\/li><div class=\"pms-spinner__holder\"><div class=\"pms-spinner\"><\/div><\/div><div id=\"pms-stripe-payment-elements\" style=\"display:none\"><\/div><\/ul><ul id=\"pms-paypal-connect\" class=\"pms-field-section pms-paygate-extra-fields pms-paygate-extra-fields-paypal_connect\"><div class=\"pms-spinner__holder\"><div class=\"pms-spinner\"><\/div><\/div><div id=\"pms-paygate-extra-fields-paypal_connect__placeholder\"><\/div><\/ul><\/div><input type=\"hidden\" id=\"pms-process-checkout-nonce\" name=\"pms_process_checkout_nonce\" value=\"8c22a44c8f\"\/><input type=\"hidden\" id=\"stripe-pk\" value=\"pk_live_51ShT6JK9d4NMdd1g4ki7x6XTW0iYAmC1FJ4WN6E1Cy350bCcoRmd87fSimhrIrUpEsH48S0RPfk647j4MwRVmTlv003x8ZkEUm\" \/><input type=\"hidden\" name=\"pms_stripe_connect_payment_intent\" value=\"\"\/><input type=\"hidden\" name=\"pms_stripe_connect_setup_intent\" value=\"\"\/><input type=\"hidden\" id=\"pms-stripe-ajax-update-payment-intent-nonce\" name=\"stripe_ajax_update_payment_intent_nonce\" value=\"ca5962018d\"\/>\n            <input class=\"pms-form-submit\" name=\"pms_register\" type=\"submit\" value=\"Register\" \/>\n    \n<input type=\"hidden\" name=\"trp-form-language\" value=\"es\"\/><\/form>\n<\/div>\n\t\t\t\t\t\t<\/div>\n\t\t\t\t<\/div>\n\t\t\t\t<\/div>","protected":false},"excerpt":{"rendered":"<p>Inscription<\/p>","protected":false},"author":1,"featured_media":0,"parent":0,"menu_order":0,"comment_status":"closed","ping_status":"closed","template":"","meta":{"_uag_custom_page_level_css":"","_kadence_starter_templates_imported_post":false,"footnotes":""},"class_list":["post-2773","page","type-page","status-publish","hentry"],"_hostinger_reach_plugin_has_subscription_block":false,"_hostinger_reach_plugin_is_elementor":false,"uagb_featured_image_src":{"full":false,"thumbnail":false,"medium":false,"medium_large":false,"large":false,"1536x1536":false,"2048x2048":false,"trp-custom-language-flag":false},"uagb_author_info":{"display_name":"mensonley.msy@gmail.com","author_link":"https:\/\/illustrationstudio.art\/es\/author\/mensonley-msygmail-com\/"},"uagb_comment_info":0,"uagb_excerpt":"Inscription","_links":{"self":[{"href":"https:\/\/illustrationstudio.art\/es\/wp-json\/wp\/v2\/pages\/2773","targetHints":{"allow":["GET"]}}],"collection":[{"href":"https:\/\/illustrationstudio.art\/es\/wp-json\/wp\/v2\/pages"}],"about":[{"href":"https:\/\/illustrationstudio.art\/es\/wp-json\/wp\/v2\/types\/page"}],"author":[{"embeddable":true,"href":"https:\/\/illustrationstudio.art\/es\/wp-json\/wp\/v2\/users\/1"}],"replies":[{"embeddable":true,"href":"https:\/\/illustrationstudio.art\/es\/wp-json\/wp\/v2\/comments?post=2773"}],"version-history":[{"count":4,"href":"https:\/\/illustrationstudio.art\/es\/wp-json\/wp\/v2\/pages\/2773\/revisions"}],"predecessor-version":[{"id":2779,"href":"https:\/\/illustrationstudio.art\/es\/wp-json\/wp\/v2\/pages\/2773\/revisions\/2779"}],"wp:attachment":[{"href":"https:\/\/illustrationstudio.art\/es\/wp-json\/wp\/v2\/media?parent=2773"}],"curies":[{"name":"wp","href":"https:\/\/api.w.org\/{rel}","templated":true}]}}