{"id":2780,"date":"2025-11-15T07:49:41","date_gmt":"2025-11-15T07:49:41","guid":{"rendered":"https:\/\/illustrationstudio.art\/?page_id=2780"},"modified":"2025-11-15T08:15:09","modified_gmt":"2025-11-15T08:15:09","slug":"reinitialisation-du-mot-de-passe","status":"publish","type":"page","link":"https:\/\/illustrationstudio.art\/es\/reinitialisation-du-mot-de-passe\/","title":{"rendered":"R\u00e9initialisation du mot de passe"},"content":{"rendered":"<div data-elementor-type=\"wp-page\" data-elementor-id=\"2780\" class=\"elementor elementor-2780\" data-elementor-post-type=\"page\">\n\t\t\t\t<div class=\"elementor-element elementor-element-073e4e8 e-flex e-con-boxed e-con e-parent\" data-id=\"073e4e8\" data-element_type=\"container\">\n\t\t\t\t\t<div class=\"e-con-inner\">\n\t\t\t\t<div class=\"elementor-element elementor-element-a33fda8 elementor-widget elementor-widget-heading\" data-id=\"a33fda8\" data-element_type=\"widget\" data-widget_type=\"heading.default\">\n\t\t\t\t\t<h2 class=\"elementor-heading-title elementor-size-default\">Mot de passe oubli\u00e9<\/h2>\t\t\t\t<\/div>\n\t\t\t\t\t<\/div>\n\t\t\t\t<\/div>\n\t\t<div class=\"elementor-element elementor-element-435f645 e-flex e-con-boxed e-con e-parent\" data-id=\"435f645\" data-element_type=\"container\">\n\t\t\t\t\t<div class=\"e-con-inner\">\n\t\t\t\t<div class=\"elementor-element elementor-element-9f682f1 elementor-widget elementor-widget-pms-recover-password\" data-id=\"9f682f1\" data-element_type=\"widget\" data-widget_type=\"pms-recover-password.default\">\n\t\t\t\t<div class=\"elementor-widget-container\">\n\t\t\t\t\t\n<form id=\"pms_recover_password_form\" class=\"pms-form\"  method=\"post\" action=\"\" data-trp-original-action=\"\">\n\n    <input type=\"hidden\" id=\"pmstkn\" name=\"pmstkn\" value=\"dbcc17890c\" \/><input type=\"hidden\" name=\"_wp_http_referer\" value=\"\/es\/wp-json\/wp\/v2\/pages\/2780\" \/>\n    <p>Please enter your username or email address.<br \/>You will receive a link to create a new password via email.<\/p>\n    <ul class=\"pms-form-fields-wrapper\">\n\n        \n                <li class=\"pms-field\">\n            <label for=\"pms_username_email\">Username or Email<\/label>\n            <input id=\"pms_username_email\" name=\"pms_username_email\" type=\"text\" value=\"\" \/>\n\n                    <\/li>\n\n        \n    <\/ul>\n\n    \n    <input type=\"submit\" name=\"wp-submit\" value=\"Reset Password\"\/>\n\n<input type=\"hidden\" name=\"trp-form-language\" value=\"es\"\/><\/form>\n\n\n\n\t\t\t\t<\/div>\n\t\t\t\t<\/div>\n\t\t\t\t\t<\/div>\n\t\t\t\t<\/div>\n\t\t\t\t<\/div>","protected":false},"excerpt":{"rendered":"<p>Mot de passe oubli\u00e9 Vous \u00eates d\u00e9j\u00e0 connect\u00e9<\/p>","protected":false},"author":1,"featured_media":0,"parent":0,"menu_order":0,"comment_status":"closed","ping_status":"closed","template":"","meta":{"_uag_custom_page_level_css":"","_kadence_starter_templates_imported_post":false,"footnotes":""},"class_list":["post-2780","page","type-page","status-publish","hentry"],"_hostinger_reach_plugin_has_subscription_block":false,"_hostinger_reach_plugin_is_elementor":false,"uagb_featured_image_src":{"full":false,"thumbnail":false,"medium":false,"medium_large":false,"large":false,"1536x1536":false,"2048x2048":false,"trp-custom-language-flag":false},"uagb_author_info":{"display_name":"mensonley.msy@gmail.com","author_link":"https:\/\/illustrationstudio.art\/es\/author\/mensonley-msygmail-com\/"},"uagb_comment_info":0,"uagb_excerpt":"Mot de passe oubli\u00e9 Vous \u00eates d\u00e9j\u00e0 connect\u00e9","_links":{"self":[{"href":"https:\/\/illustrationstudio.art\/es\/wp-json\/wp\/v2\/pages\/2780","targetHints":{"allow":["GET"]}}],"collection":[{"href":"https:\/\/illustrationstudio.art\/es\/wp-json\/wp\/v2\/pages"}],"about":[{"href":"https:\/\/illustrationstudio.art\/es\/wp-json\/wp\/v2\/types\/page"}],"author":[{"embeddable":true,"href":"https:\/\/illustrationstudio.art\/es\/wp-json\/wp\/v2\/users\/1"}],"replies":[{"embeddable":true,"href":"https:\/\/illustrationstudio.art\/es\/wp-json\/wp\/v2\/comments?post=2780"}],"version-history":[{"count":10,"href":"https:\/\/illustrationstudio.art\/es\/wp-json\/wp\/v2\/pages\/2780\/revisions"}],"predecessor-version":[{"id":2799,"href":"https:\/\/illustrationstudio.art\/es\/wp-json\/wp\/v2\/pages\/2780\/revisions\/2799"}],"wp:attachment":[{"href":"https:\/\/illustrationstudio.art\/es\/wp-json\/wp\/v2\/media?parent=2780"}],"curies":[{"name":"wp","href":"https:\/\/api.w.org\/{rel}","templated":true}]}}